


{"id":1852,"date":"2024-11-14T04:52:34","date_gmt":"2024-11-14T07:52:34","guid":{"rendered":"https:\/\/clickmarica.com.br\/teste\/?post_type=product&#038;p=1852"},"modified":"2024-11-18T15:01:44","modified_gmt":"2024-11-18T18:01:44","slug":"super-big-linguica","status":"publish","type":"product","link":"https:\/\/clickmarica.com.br\/teste\/produto\/super-big-linguica\/","title":{"rendered":"Super BIG Lingui\u00e7a"},"content":{"rendered":"<p>P\u00e3o de Big, 3 lingui\u00e7as ou misto(2 salsichas e 1 lingui\u00e7a\/2 lingui\u00e7as e 1 salsicha),molho milho, ervilha, maionese caseira, barbecue, batata palha,1 ovo de galinha,2 ovos de codorna, passas e queijo ralado.<\/p>\n","protected":false},"excerpt":{"rendered":"<p>P\u00e3o de Big, 3 lingui\u00e7as ou misto(2 salsichas e 1 lingui\u00e7a\/2 lingui\u00e7as e 1 salsicha),molho milho, ervilha, maionese caseira, barbecue, batata palha,1 ovo de galinha,2 ovos de codorna, passas e queijo ralado.<\/p>\n","protected":false},"featured_media":2055,"comment_status":"open","ping_status":"closed","template":"","meta":{"_kadence_starter_templates_imported_post":false,"_kad_post_transparent":"default","_kad_post_title":"","_kad_post_layout":"default","_kad_post_sidebar_id":"","_kad_post_content_style":"default","_kad_post_vertical_padding":"default","_kad_post_feature":"","_kad_post_feature_position":"","_kad_post_header":false,"_kad_post_footer":false},"product_brand":[],"product_cat":[85],"product_tag":[50,49,46,51],"class_list":{"0":"post-1852","1":"product","2":"type-product","3":"status-publish","4":"has-post-thumbnail","6":"product_cat-super-big","7":"product_tag-cahcorro-quente","8":"product_tag-hot-dog","9":"product_tag-lanches","10":"product_tag-tia-angela","12":"first","13":"instock","14":"taxable","15":"shipping-taxable","16":"purchasable","17":"product-type-variable","18":"has-default-attributes","19":"entry","20":"content-bg","21":"loop-entry"},"jetpack_sharing_enabled":true,"_links":{"self":[{"href":"https:\/\/clickmarica.com.br\/teste\/wp-json\/wp\/v2\/product\/1852","targetHints":{"allow":["GET"]}}],"collection":[{"href":"https:\/\/clickmarica.com.br\/teste\/wp-json\/wp\/v2\/product"}],"about":[{"href":"https:\/\/clickmarica.com.br\/teste\/wp-json\/wp\/v2\/types\/product"}],"replies":[{"embeddable":true,"href":"https:\/\/clickmarica.com.br\/teste\/wp-json\/wp\/v2\/comments?post=1852"}],"wp:featuredmedia":[{"embeddable":true,"href":"https:\/\/clickmarica.com.br\/teste\/wp-json\/wp\/v2\/media\/2055"}],"wp:attachment":[{"href":"https:\/\/clickmarica.com.br\/teste\/wp-json\/wp\/v2\/media?parent=1852"}],"wp:term":[{"taxonomy":"product_brand","embeddable":true,"href":"https:\/\/clickmarica.com.br\/teste\/wp-json\/wp\/v2\/product_brand?post=1852"},{"taxonomy":"product_cat","embeddable":true,"href":"https:\/\/clickmarica.com.br\/teste\/wp-json\/wp\/v2\/product_cat?post=1852"},{"taxonomy":"product_tag","embeddable":true,"href":"https:\/\/clickmarica.com.br\/teste\/wp-json\/wp\/v2\/product_tag?post=1852"}],"curies":[{"name":"wp","href":"https:\/\/api.w.org\/{rel}","templated":true}]}}