


{"id":2066,"date":"2024-11-15T04:27:43","date_gmt":"2024-11-15T07:27:43","guid":{"rendered":"https:\/\/clickmarica.com.br\/teste\/?post_type=product&#038;p=2066"},"modified":"2024-11-18T14:28:22","modified_gmt":"2024-11-18T17:28:22","slug":"tradicional-linguica-bolonhesa","status":"publish","type":"product","link":"https:\/\/clickmarica.com.br\/teste\/produto\/tradicional-linguica-bolonhesa\/","title":{"rendered":"Tradicional Lingui\u00e7a + Bolonhesa"},"content":{"rendered":"<p>P\u00e3o, Lingui\u00e7a, ovo de codorna, passas, milho, ervilha, queijo ralado, batata palha, molho, barbecue e maionese caseira.<\/p>\n<p>Adicionado de Molho a bolonhesa da Casa&#8230;<\/p>\n","protected":false},"excerpt":{"rendered":"<p>P\u00e3o, Lingui\u00e7a, ovo de codorna, passas, milho, ervilha, queijo ralado, batata palha, molho, barbecue e maionese caseira. Adicionado de Molho a bolonhesa da Casa&#8230;<\/p>\n","protected":false},"featured_media":2059,"comment_status":"open","ping_status":"closed","template":"","meta":{"_kadence_starter_templates_imported_post":false,"_kad_post_transparent":"default","_kad_post_title":"","_kad_post_layout":"default","_kad_post_sidebar_id":"","_kad_post_content_style":"default","_kad_post_vertical_padding":"default","_kad_post_feature":"","_kad_post_feature_position":"","_kad_post_header":false,"_kad_post_footer":false},"product_brand":[],"product_cat":[83],"product_tag":[50,49,46,51],"class_list":{"0":"post-2066","1":"product","2":"type-product","3":"status-publish","4":"has-post-thumbnail","6":"product_cat-tradicional","7":"product_tag-cahcorro-quente","8":"product_tag-hot-dog","9":"product_tag-lanches","10":"product_tag-tia-angela","12":"first","13":"instock","14":"purchasable","15":"product-type-variable","16":"has-default-attributes","17":"entry","18":"content-bg","19":"loop-entry"},"jetpack_sharing_enabled":true,"_links":{"self":[{"href":"https:\/\/clickmarica.com.br\/teste\/wp-json\/wp\/v2\/product\/2066","targetHints":{"allow":["GET"]}}],"collection":[{"href":"https:\/\/clickmarica.com.br\/teste\/wp-json\/wp\/v2\/product"}],"about":[{"href":"https:\/\/clickmarica.com.br\/teste\/wp-json\/wp\/v2\/types\/product"}],"replies":[{"embeddable":true,"href":"https:\/\/clickmarica.com.br\/teste\/wp-json\/wp\/v2\/comments?post=2066"}],"wp:featuredmedia":[{"embeddable":true,"href":"https:\/\/clickmarica.com.br\/teste\/wp-json\/wp\/v2\/media\/2059"}],"wp:attachment":[{"href":"https:\/\/clickmarica.com.br\/teste\/wp-json\/wp\/v2\/media?parent=2066"}],"wp:term":[{"taxonomy":"product_brand","embeddable":true,"href":"https:\/\/clickmarica.com.br\/teste\/wp-json\/wp\/v2\/product_brand?post=2066"},{"taxonomy":"product_cat","embeddable":true,"href":"https:\/\/clickmarica.com.br\/teste\/wp-json\/wp\/v2\/product_cat?post=2066"},{"taxonomy":"product_tag","embeddable":true,"href":"https:\/\/clickmarica.com.br\/teste\/wp-json\/wp\/v2\/product_tag?post=2066"}],"curies":[{"name":"wp","href":"https:\/\/api.w.org\/{rel}","templated":true}]}}