


{"id":2106,"date":"2024-11-15T04:37:32","date_gmt":"2024-11-15T07:37:32","guid":{"rendered":"https:\/\/clickmarica.com.br\/teste\/?post_type=product&#038;p=2106"},"modified":"2024-11-18T14:48:39","modified_gmt":"2024-11-18T17:48:39","slug":"super-big-salsicha-camarao","status":"publish","type":"product","link":"https:\/\/clickmarica.com.br\/teste\/produto\/super-big-salsicha-camarao\/","title":{"rendered":"Super BIG Salsicha + Camar\u00e3o"},"content":{"rendered":"<p>P\u00e3o de Big,3 salsichas ou misto(2 salsichas e 1 lingui\u00e7a\/2 lingui\u00e7as e 1 salsicha),molho milho, ervilha, maionese caseira, barbecue, batata palha,1 ovo de galinha,2 ovos de codorna, passas e queijo ralado.<\/p>\n<p>Adicionado de<span style=\"color: #ff0000;\"> Camar\u00e3o da Casa\u2026<\/span><\/p>\n","protected":false},"excerpt":{"rendered":"<p>P\u00e3o de Big,3 salsichas ou misto(2 salsichas e 1 lingui\u00e7a\/2 lingui\u00e7as e 1 salsicha),molho milho, ervilha, maionese caseira, barbecue, batata palha,1 ovo de galinha,2 ovos de codorna, passas e queijo ralado. Adicionado de Camar\u00e3o da Casa\u2026<\/p>\n","protected":false},"featured_media":2058,"comment_status":"open","ping_status":"closed","template":"","meta":{"_kadence_starter_templates_imported_post":false,"_kad_post_transparent":"default","_kad_post_title":"","_kad_post_layout":"default","_kad_post_sidebar_id":"","_kad_post_content_style":"default","_kad_post_vertical_padding":"default","_kad_post_feature":"","_kad_post_feature_position":"","_kad_post_header":false,"_kad_post_footer":false},"product_brand":[],"product_cat":[85],"product_tag":[50,49,46,51],"class_list":{"0":"post-2106","1":"product","2":"type-product","3":"status-publish","4":"has-post-thumbnail","6":"product_cat-super-big","7":"product_tag-cahcorro-quente","8":"product_tag-hot-dog","9":"product_tag-lanches","10":"product_tag-tia-angela","12":"first","13":"instock","14":"taxable","15":"shipping-taxable","16":"purchasable","17":"product-type-variable","18":"has-default-attributes","19":"entry","20":"content-bg","21":"loop-entry"},"jetpack_sharing_enabled":true,"_links":{"self":[{"href":"https:\/\/clickmarica.com.br\/teste\/wp-json\/wp\/v2\/product\/2106","targetHints":{"allow":["GET"]}}],"collection":[{"href":"https:\/\/clickmarica.com.br\/teste\/wp-json\/wp\/v2\/product"}],"about":[{"href":"https:\/\/clickmarica.com.br\/teste\/wp-json\/wp\/v2\/types\/product"}],"replies":[{"embeddable":true,"href":"https:\/\/clickmarica.com.br\/teste\/wp-json\/wp\/v2\/comments?post=2106"}],"wp:featuredmedia":[{"embeddable":true,"href":"https:\/\/clickmarica.com.br\/teste\/wp-json\/wp\/v2\/media\/2058"}],"wp:attachment":[{"href":"https:\/\/clickmarica.com.br\/teste\/wp-json\/wp\/v2\/media?parent=2106"}],"wp:term":[{"taxonomy":"product_brand","embeddable":true,"href":"https:\/\/clickmarica.com.br\/teste\/wp-json\/wp\/v2\/product_brand?post=2106"},{"taxonomy":"product_cat","embeddable":true,"href":"https:\/\/clickmarica.com.br\/teste\/wp-json\/wp\/v2\/product_cat?post=2106"},{"taxonomy":"product_tag","embeddable":true,"href":"https:\/\/clickmarica.com.br\/teste\/wp-json\/wp\/v2\/product_tag?post=2106"}],"curies":[{"name":"wp","href":"https:\/\/api.w.org\/{rel}","templated":true}]}}