


{"id":2269,"date":"2024-11-18T14:44:51","date_gmt":"2024-11-18T17:44:51","guid":{"rendered":"https:\/\/clickmarica.com.br\/teste\/?post_type=product&#038;p=2269"},"modified":"2024-11-18T14:49:37","modified_gmt":"2024-11-18T17:49:37","slug":"super-big-linguica-bolonhesa-copia","status":"publish","type":"product","link":"https:\/\/clickmarica.com.br\/teste\/produto\/super-big-linguica-bolonhesa-copia\/","title":{"rendered":"Super BIG Lingui\u00e7a+ Bolonhesa"},"content":{"rendered":"<p>P\u00e3o de Big,3 Kingui\u00e7as ou misto(2 salsichas e 1 lingui\u00e7a\/2 lingui\u00e7as e 1 salsicha),molho milho, ervilha, maionese caseira, barbecue, batata palha,1 ovo de galinha,2 ovos de codorna, passas e queijo ralado.<\/p>\n<p>Adicionado de<span style=\"color: #ff0000;\"> Molho a bolonhesa da Casa\u2026<\/span><\/p>\n","protected":false},"excerpt":{"rendered":"<p>P\u00e3o de Big,3 Kingui\u00e7as ou misto(2 salsichas e 1 lingui\u00e7a\/2 lingui\u00e7as e 1 salsicha),molho milho, ervilha, maionese caseira, barbecue, batata palha,1 ovo de galinha,2 ovos de codorna, passas e queijo ralado. Adicionado de Molho a bolonhesa da Casa\u2026<\/p>\n","protected":false},"featured_media":2057,"comment_status":"open","ping_status":"closed","template":"","meta":{"_kadence_starter_templates_imported_post":false,"_kad_post_transparent":"default","_kad_post_title":"","_kad_post_layout":"default","_kad_post_sidebar_id":"","_kad_post_content_style":"default","_kad_post_vertical_padding":"default","_kad_post_feature":"","_kad_post_feature_position":"","_kad_post_header":false,"_kad_post_footer":false},"product_brand":[],"product_cat":[85],"product_tag":[50,49,46,51],"class_list":{"0":"post-2269","1":"product","2":"type-product","3":"status-publish","4":"has-post-thumbnail","6":"product_cat-super-big","7":"product_tag-cahcorro-quente","8":"product_tag-hot-dog","9":"product_tag-lanches","10":"product_tag-tia-angela","12":"first","13":"instock","14":"taxable","15":"shipping-taxable","16":"purchasable","17":"product-type-variable","18":"has-default-attributes","19":"entry","20":"content-bg","21":"loop-entry"},"jetpack_sharing_enabled":true,"_links":{"self":[{"href":"https:\/\/clickmarica.com.br\/teste\/wp-json\/wp\/v2\/product\/2269","targetHints":{"allow":["GET"]}}],"collection":[{"href":"https:\/\/clickmarica.com.br\/teste\/wp-json\/wp\/v2\/product"}],"about":[{"href":"https:\/\/clickmarica.com.br\/teste\/wp-json\/wp\/v2\/types\/product"}],"replies":[{"embeddable":true,"href":"https:\/\/clickmarica.com.br\/teste\/wp-json\/wp\/v2\/comments?post=2269"}],"wp:featuredmedia":[{"embeddable":true,"href":"https:\/\/clickmarica.com.br\/teste\/wp-json\/wp\/v2\/media\/2057"}],"wp:attachment":[{"href":"https:\/\/clickmarica.com.br\/teste\/wp-json\/wp\/v2\/media?parent=2269"}],"wp:term":[{"taxonomy":"product_brand","embeddable":true,"href":"https:\/\/clickmarica.com.br\/teste\/wp-json\/wp\/v2\/product_brand?post=2269"},{"taxonomy":"product_cat","embeddable":true,"href":"https:\/\/clickmarica.com.br\/teste\/wp-json\/wp\/v2\/product_cat?post=2269"},{"taxonomy":"product_tag","embeddable":true,"href":"https:\/\/clickmarica.com.br\/teste\/wp-json\/wp\/v2\/product_tag?post=2269"}],"curies":[{"name":"wp","href":"https:\/\/api.w.org\/{rel}","templated":true}]}}